{"id":1307,"date":"2026-02-20T01:52:34","date_gmt":"2026-02-20T01:52:34","guid":{"rendered":"https:\/\/uyartistas.uy\/uyartshop\/?post_type=product&#038;p=1307"},"modified":"2026-03-31T01:22:12","modified_gmt":"2026-03-31T01:22:12","slug":"huella-latina","status":"publish","type":"product","link":"https:\/\/uyartistas.uy\/uyartshop\/product\/huella-latina\/","title":{"rendered":"Huella Latina"},"content":{"rendered":"<p>Esta obra representa un barco abstracto que carga con toda una historia, una identidad compartida. En \u00e9l viajan nuestros colores, nuestras energ\u00edas y dolores. Es un barco que transporta, sostiene y marca ese ida y vuelta constante, reflejo del movimiento de nuestra tierra: los que est\u00e1bamos, los que vinieron y los que se van.<\/p>\n<p>Durante su creaci\u00f3n, fue imposible no evocar Am\u00e9rica Invertida de Torres Garc\u00eda. No por sus colores ni pinceladas, sino por su concepto: una Am\u00e9rica invertida solo frente a una convenci\u00f3n arbitraria, pero perfectamente ubicada desde mi mirada, la de quien vive el sur desde el alma.<\/p>\n<p>Podr\u00eda haberse llamado El Sur Arriba, pero la nombr\u00e9 Huella Latina.<br \/>\nEn ella est\u00e1n mis ra\u00edces y las de quienes me acompa\u00f1aron en m\u00e1s de quince a\u00f1os de trabajo representando a Latinoam\u00e9rica, todos dejando una huella profunda.<\/p>\n","protected":false},"excerpt":{"rendered":"<p><span data-sheets-root=\"1\">Artista: Rossana Zignago<br \/>\nPa\u00eds: Uruguay<br \/>\nT\u00e9cnica: T\u00e9cnicas mixtas<br \/>\nSoporte: Lienzo<br \/>\nMedidas: 45 x 35 cm<br \/>\nA\u00f1o: 2025<\/span><\/p>\n","protected":false},"featured_media":1337,"template":"","meta":{"pagelayer_contact_templates":[],"_pagelayer_content":""},"product_brand":[199],"product_cat":[44,84],"product_tag":[],"class_list":{"0":"post-1307","1":"product","2":"type-product","3":"status-publish","4":"has-post-thumbnail","6":"product_brand-rossana-zignago","7":"product_cat-pintura","8":"product_cat-tecnica-mixta","10":"first","11":"instock","12":"shipping-taxable","13":"purchasable","14":"product-type-simple"},"_links":{"self":[{"href":"https:\/\/uyartistas.uy\/uyartshop\/wp-json\/wp\/v2\/product\/1307","targetHints":{"allow":["GET"]}}],"collection":[{"href":"https:\/\/uyartistas.uy\/uyartshop\/wp-json\/wp\/v2\/product"}],"about":[{"href":"https:\/\/uyartistas.uy\/uyartshop\/wp-json\/wp\/v2\/types\/product"}],"wp:featuredmedia":[{"embeddable":true,"href":"https:\/\/uyartistas.uy\/uyartshop\/wp-json\/wp\/v2\/media\/1337"}],"wp:attachment":[{"href":"https:\/\/uyartistas.uy\/uyartshop\/wp-json\/wp\/v2\/media?parent=1307"}],"wp:term":[{"taxonomy":"product_brand","embeddable":true,"href":"https:\/\/uyartistas.uy\/uyartshop\/wp-json\/wp\/v2\/product_brand?post=1307"},{"taxonomy":"product_cat","embeddable":true,"href":"https:\/\/uyartistas.uy\/uyartshop\/wp-json\/wp\/v2\/product_cat?post=1307"},{"taxonomy":"product_tag","embeddable":true,"href":"https:\/\/uyartistas.uy\/uyartshop\/wp-json\/wp\/v2\/product_tag?post=1307"}],"curies":[{"name":"wp","href":"https:\/\/api.w.org\/{rel}","templated":true}]}}