{"id":1316,"date":"2026-02-20T01:52:34","date_gmt":"2026-02-20T01:52:34","guid":{"rendered":"https:\/\/uyartistas.uy\/uyartshop\/?post_type=product&#038;p=1316"},"modified":"2026-03-31T17:06:42","modified_gmt":"2026-03-31T17:06:42","slug":"proyecto-arcoiris-amarillo","status":"publish","type":"product","link":"https:\/\/uyartistas.uy\/uyartshop\/product\/proyecto-arcoiris-amarillo\/","title":{"rendered":"Proyecto Arcoiris: Amarillo"},"content":{"rendered":"<p>\u201cProyecto Arco\u00edris: Amarillo\u201d forma parte de la serie Proyecto Arco\u00edris, iniciada en 2017, que investiga la carga simb\u00f3lica y emocional del color en la pintura figurativa. Primera pieza realizada \u00edntegramente en Uruguay, simboliza el quiebre con mi vida anterior y el inicio de una nueva etapa art\u00edstica tras mi experiencia migrante. El amarillo se convierte en met\u00e1fora de empoderamiento, libertad creativa y transformaci\u00f3n emocional, haciendo tangible la conexi\u00f3n entre color y vivencia.<\/p>\n<p>\u201cMi Herencia\u201d es un autorretrato que condensa memoria familiar y cultural en un formato \u00edntimo, como un medall\u00f3n heredado. La corona que rodea la figura est\u00e1 compuesta por las flores nacionales de Italia, Espa\u00f1a, Argentina y Uruguay, elegidas como emblema de los pa\u00edses que conforman mi historia personal y familiar. El fondo azul remite al mar que nos une, entrelazando identidad, sangre y tierra, y haciendo visible el legado que me sostiene.<\/p>\n","protected":false},"excerpt":{"rendered":"<p><span data-sheets-root=\"1\">Artista: Luc\u00eda Mart\u00ednez Allende<br \/>\nPa\u00eds: Uruguay<br \/>\nT\u00e9cnica: \u00d3leo<br \/>\nSoporte: Lienzo<br \/>\nMedidas: 50 x 100 cm<br \/>\nA\u00f1o: 2025<\/span><\/p>\n","protected":false},"featured_media":1346,"template":"","meta":{"pagelayer_contact_templates":[],"_pagelayer_content":""},"product_brand":[196],"product_cat":[79,44],"product_tag":[],"class_list":{"0":"post-1316","1":"product","2":"type-product","3":"status-publish","4":"has-post-thumbnail","6":"product_brand-lucia-martinez-allende","7":"product_cat-oleo","8":"product_cat-pintura","10":"first","11":"instock","12":"shipping-taxable","13":"purchasable","14":"product-type-simple"},"_links":{"self":[{"href":"https:\/\/uyartistas.uy\/uyartshop\/wp-json\/wp\/v2\/product\/1316","targetHints":{"allow":["GET"]}}],"collection":[{"href":"https:\/\/uyartistas.uy\/uyartshop\/wp-json\/wp\/v2\/product"}],"about":[{"href":"https:\/\/uyartistas.uy\/uyartshop\/wp-json\/wp\/v2\/types\/product"}],"wp:featuredmedia":[{"embeddable":true,"href":"https:\/\/uyartistas.uy\/uyartshop\/wp-json\/wp\/v2\/media\/1346"}],"wp:attachment":[{"href":"https:\/\/uyartistas.uy\/uyartshop\/wp-json\/wp\/v2\/media?parent=1316"}],"wp:term":[{"taxonomy":"product_brand","embeddable":true,"href":"https:\/\/uyartistas.uy\/uyartshop\/wp-json\/wp\/v2\/product_brand?post=1316"},{"taxonomy":"product_cat","embeddable":true,"href":"https:\/\/uyartistas.uy\/uyartshop\/wp-json\/wp\/v2\/product_cat?post=1316"},{"taxonomy":"product_tag","embeddable":true,"href":"https:\/\/uyartistas.uy\/uyartshop\/wp-json\/wp\/v2\/product_tag?post=1316"}],"curies":[{"name":"wp","href":"https:\/\/api.w.org\/{rel}","templated":true}]}}