{"id":1353,"date":"2026-02-20T01:52:51","date_gmt":"2026-02-20T01:52:51","guid":{"rendered":"https:\/\/uyartistas.uy\/uyartshop\/?post_type=product&#038;p=1353"},"modified":"2026-03-31T00:12:13","modified_gmt":"2026-03-31T00:12:13","slug":"desfile-de-llamadas","status":"publish","type":"product","link":"https:\/\/uyartistas.uy\/uyartshop\/product\/desfile-de-llamadas\/","title":{"rendered":"Desfile de Llamadas"},"content":{"rendered":"<p>Carnaval.<\/p>\n<p>La obra representa un momento emblem\u00e1tico del carnaval uruguayo, donde la murga encarna la voz del pueblo. A trav\u00e9s del canto coral, la cr\u00edtica social y la teatralidad, esta expresi\u00f3n art\u00edstica revela una identidad colectiva que mezcla humor, poes\u00eda y reflexi\u00f3n. La composici\u00f3n, sostenida en contrastes lum\u00ednicos y gestos expresivos, transmite la intensidad emocional del tablado. El maquillaje, el vestuario y la gestualidad murguera conforman un lenguaje visual que refuerza la pertenencia y la memoria. La pintura alude a la diversidad cultural y al mestizaje que caracterizan la identidad latinoamericana, situando a la murga como un archivo vivo de resistencia, sensibilidad y celebraci\u00f3n popular.<\/p>\n<p>Desfile de llamadas.<\/p>\n<p>La obra se inspira en el Desfile de Llamadas, celebraci\u00f3n nacida en las comunidades afrodescendientes de Montevideo. El candombe, declarado por la UNESCO patrimonio cultural inmaterial de la humanidad, se manifiesta aqu\u00ed a trav\u00e9s del ritmo de los tambores \u2014chico, repique y piano\u2014, que transforman el espacio urbano en territorio de encuentro y pertenencia. En el color y la materia se reflejan la energ\u00eda, la emoci\u00f3n y la fuerza colectiva de los tamborileros que, al desfilar, reafirman su historia y su identidad. La cuerda de tambores es el coraz\u00f3n del desfile: memoria en movimiento, expresi\u00f3n de resistencia y de continuidad cultural. Esta obra busca transmitir esa vibraci\u00f3n com\u00fan que enlaza pasado y presente, uniendo a los pueblos en una misma cadencia de ritmo, herencia y celebraci\u00f3n.<\/p>\n","protected":false},"excerpt":{"rendered":"<p>Artista: Helena Cristi<br \/>\nPa\u00eds: Uruguay<br \/>\nT\u00e9cnica: Acr\u00edlico<br \/>\nSoporte: Lienzo<br \/>\nMedidas: 99 x 69 cm<br \/>\nA\u00f1o: 2025<\/p>\n","protected":false},"featured_media":1372,"template":"","meta":{"pagelayer_contact_templates":[],"_pagelayer_content":""},"product_brand":[185],"product_cat":[81,44],"product_tag":[],"class_list":{"0":"post-1353","1":"product","2":"type-product","3":"status-publish","4":"has-post-thumbnail","6":"product_brand-helena-cristi","7":"product_cat-acrilico","8":"product_cat-pintura","10":"first","11":"instock","12":"sold-individually","13":"shipping-taxable","14":"purchasable","15":"product-type-simple"},"_links":{"self":[{"href":"https:\/\/uyartistas.uy\/uyartshop\/wp-json\/wp\/v2\/product\/1353","targetHints":{"allow":["GET"]}}],"collection":[{"href":"https:\/\/uyartistas.uy\/uyartshop\/wp-json\/wp\/v2\/product"}],"about":[{"href":"https:\/\/uyartistas.uy\/uyartshop\/wp-json\/wp\/v2\/types\/product"}],"wp:featuredmedia":[{"embeddable":true,"href":"https:\/\/uyartistas.uy\/uyartshop\/wp-json\/wp\/v2\/media\/1372"}],"wp:attachment":[{"href":"https:\/\/uyartistas.uy\/uyartshop\/wp-json\/wp\/v2\/media?parent=1353"}],"wp:term":[{"taxonomy":"product_brand","embeddable":true,"href":"https:\/\/uyartistas.uy\/uyartshop\/wp-json\/wp\/v2\/product_brand?post=1353"},{"taxonomy":"product_cat","embeddable":true,"href":"https:\/\/uyartistas.uy\/uyartshop\/wp-json\/wp\/v2\/product_cat?post=1353"},{"taxonomy":"product_tag","embeddable":true,"href":"https:\/\/uyartistas.uy\/uyartshop\/wp-json\/wp\/v2\/product_tag?post=1353"}],"curies":[{"name":"wp","href":"https:\/\/api.w.org\/{rel}","templated":true}]}}