{"id":1361,"date":"2026-02-20T01:52:51","date_gmt":"2026-02-20T01:52:51","guid":{"rendered":"https:\/\/uyartistas.uy\/uyartshop\/?post_type=product&#038;p=1361"},"modified":"2026-03-31T00:41:04","modified_gmt":"2026-03-31T00:41:04","slug":"gruas","status":"publish","type":"product","link":"https:\/\/uyartistas.uy\/uyartshop\/product\/gruas\/","title":{"rendered":"Gr\u00faas"},"content":{"rendered":"<p>Cada una de estas tres acuarelas representa una forma distinta de acercarme al paisaje y al lenguaje de la acuarela.<br \/>\nLa primera fue realizada plein air, en contacto directo con el entorno, donde el aire, la humedad y la luz se integran a la pintura, capturando la atm\u00f3sfera cambiante del lugar.<br \/>\nLa segunda surge de la experimentaci\u00f3n con agua y pigmentos granulantes, y representa las antiguas gr\u00faas del puerto de Salto. En ella, la materia y el azar se vuelven protagonistas, evocando la memoria industrial de la ciudad y los rastros del tiempo sobre el paisaje.<br \/>\nLa tercera fue creada en el taller, a partir de la observaci\u00f3n y la memoria, buscando la armon\u00eda entre el trazo controlado y la espontaneidad del color.<br \/>\nEn conjunto, las tres obras dialogan entre s\u00ed, explorando los l\u00edmites del medio y las m\u00faltiples maneras de habitar el paisaje desde la mirada, la experiencia y la emoci\u00f3n.<\/p>\n","protected":false},"excerpt":{"rendered":"<p><span data-sheets-root=\"1\">Artista: Ma Mercedes Carbone<br \/>\nPa\u00eds: Uruguay<br \/>\nT\u00e9cnica: Acuarela<br \/>\nSoporte: Papel<br \/>\nMedidas: 51 x 36 cm<br \/>\nA\u00f1o: 2025<\/span><\/p>\n","protected":false},"featured_media":1381,"template":"","meta":{"pagelayer_contact_templates":[],"_pagelayer_content":""},"product_brand":[200],"product_cat":[80,44],"product_tag":[],"class_list":{"0":"post-1361","1":"product","2":"type-product","3":"status-publish","4":"has-post-thumbnail","6":"product_brand-maria-mercedes-carbone-garcia","7":"product_cat-acuarela","8":"product_cat-pintura","10":"first","11":"instock","12":"sold-individually","13":"shipping-taxable","14":"purchasable","15":"product-type-simple"},"_links":{"self":[{"href":"https:\/\/uyartistas.uy\/uyartshop\/wp-json\/wp\/v2\/product\/1361","targetHints":{"allow":["GET"]}}],"collection":[{"href":"https:\/\/uyartistas.uy\/uyartshop\/wp-json\/wp\/v2\/product"}],"about":[{"href":"https:\/\/uyartistas.uy\/uyartshop\/wp-json\/wp\/v2\/types\/product"}],"wp:featuredmedia":[{"embeddable":true,"href":"https:\/\/uyartistas.uy\/uyartshop\/wp-json\/wp\/v2\/media\/1381"}],"wp:attachment":[{"href":"https:\/\/uyartistas.uy\/uyartshop\/wp-json\/wp\/v2\/media?parent=1361"}],"wp:term":[{"taxonomy":"product_brand","embeddable":true,"href":"https:\/\/uyartistas.uy\/uyartshop\/wp-json\/wp\/v2\/product_brand?post=1361"},{"taxonomy":"product_cat","embeddable":true,"href":"https:\/\/uyartistas.uy\/uyartshop\/wp-json\/wp\/v2\/product_cat?post=1361"},{"taxonomy":"product_tag","embeddable":true,"href":"https:\/\/uyartistas.uy\/uyartshop\/wp-json\/wp\/v2\/product_tag?post=1361"}],"curies":[{"name":"wp","href":"https:\/\/api.w.org\/{rel}","templated":true}]}}