{"id":1367,"date":"2026-02-20T01:52:51","date_gmt":"2026-02-20T01:52:51","guid":{"rendered":"https:\/\/uyartistas.uy\/uyartshop\/?post_type=product&#038;p=1367"},"modified":"2026-03-30T22:31:23","modified_gmt":"2026-03-30T22:31:23","slug":"paisaje-imposible","status":"publish","type":"product","link":"https:\/\/uyartistas.uy\/uyartshop\/product\/paisaje-imposible\/","title":{"rendered":"PAISAJE IMPOSIBLE"},"content":{"rendered":"<p><span data-sheets-root=\"1\">Una obra que se basa en atm\u00f3sferas expresivas, con paletas oscuras y luces matizadas, prefiriendo el uso de materia generalmente con escasa densidad y leve espesor, trabajando capa sobre capa en los retratos y ambientes.<br \/>\nMaterias distintas \u2013 arena, cenizas, escamas de \u00f3xido &#8211; densifican el \u00f3leo en los paisajes imposibles, horizontes abstractos y expresionistas,<br \/>\nRetratos y estudios de desnudos al natural, antiguas fotos familiares, objetos cotidianos, horizontes irreales (imposibles) son representados en una atm\u00f3sfera on\u00edrica, abrazando a veces la abstracci\u00f3n.<br \/>\nEl producto de mi trabajo surge de las motivaciones m\u00e1s b\u00e1sicas: la b\u00fasqueda, la expectativa e incertidumbre del pintor, el manejo de la materia sobre el soporte, la in\/satisfacci\u00f3n del hallazgo y la necesidad de continuar desde ese encuentro con otros fragmentos de realidades, cosas, horizontes y topograf\u00edas, acudiendo al medio m\u00e1s antiguo del arte \u2013el dibujo y la pintura &#8211; y con las t\u00e9cnicas m\u00e1s tradicionales: \u00f3leo, pastel, carbonilla y a veces, grabado.<br \/>\n<\/span><\/p>\n","protected":false},"excerpt":{"rendered":"<p>Artista: Jos\u00e9 Mar\u00eda Giraldez<br \/>\nPa\u00eds: Uruguay<br \/>\nT\u00e9cnica: \u00d3leo<br \/>\nSoporte: Lienzo<br \/>\nMedidas: 90 x 70 cm<br \/>\nA\u00f1o: 2025<\/p>\n","protected":false},"featured_media":1387,"template":"","meta":{"pagelayer_contact_templates":[],"_pagelayer_content":""},"product_brand":[170],"product_cat":[79,44],"product_tag":[],"class_list":{"0":"post-1367","1":"product","2":"type-product","3":"status-publish","4":"has-post-thumbnail","6":"product_brand-jose-maria-giraldez-pallares","7":"product_cat-oleo","8":"product_cat-pintura","10":"first","11":"instock","12":"featured","13":"sold-individually","14":"shipping-taxable","15":"purchasable","16":"product-type-simple"},"_links":{"self":[{"href":"https:\/\/uyartistas.uy\/uyartshop\/wp-json\/wp\/v2\/product\/1367","targetHints":{"allow":["GET"]}}],"collection":[{"href":"https:\/\/uyartistas.uy\/uyartshop\/wp-json\/wp\/v2\/product"}],"about":[{"href":"https:\/\/uyartistas.uy\/uyartshop\/wp-json\/wp\/v2\/types\/product"}],"wp:featuredmedia":[{"embeddable":true,"href":"https:\/\/uyartistas.uy\/uyartshop\/wp-json\/wp\/v2\/media\/1387"}],"wp:attachment":[{"href":"https:\/\/uyartistas.uy\/uyartshop\/wp-json\/wp\/v2\/media?parent=1367"}],"wp:term":[{"taxonomy":"product_brand","embeddable":true,"href":"https:\/\/uyartistas.uy\/uyartshop\/wp-json\/wp\/v2\/product_brand?post=1367"},{"taxonomy":"product_cat","embeddable":true,"href":"https:\/\/uyartistas.uy\/uyartshop\/wp-json\/wp\/v2\/product_cat?post=1367"},{"taxonomy":"product_tag","embeddable":true,"href":"https:\/\/uyartistas.uy\/uyartshop\/wp-json\/wp\/v2\/product_tag?post=1367"}],"curies":[{"name":"wp","href":"https:\/\/api.w.org\/{rel}","templated":true}]}}