{"id":1368,"date":"2026-02-20T01:52:51","date_gmt":"2026-02-20T01:52:51","guid":{"rendered":"https:\/\/uyartistas.uy\/uyartshop\/?post_type=product&#038;p=1368"},"modified":"2026-03-30T22:29:45","modified_gmt":"2026-03-30T22:29:45","slug":"pachamama","status":"publish","type":"product","link":"https:\/\/uyartistas.uy\/uyartshop\/product\/pachamama\/","title":{"rendered":"PACHAMAMA"},"content":{"rendered":"<p>Esta obra nace como una reflexi\u00f3n sobre la identidad latinoamericana y el v\u00ednculo profundo que une al ser humano con la naturaleza. A trav\u00e9s de la alegor\u00eda de la \u201cPachamama\u201d, figura ancestral y divina de la Madre Tierra en las culturas andinas, busco representar esa fuerza vital que protege, nutre y da origen a toda forma de existencia.<br \/>\nEl rostro sereno y firme de esta mujer ancestral emerge envuelto en un aguayo, s\u00edmbolo de la memoria y la herencia de nuestros pueblos originarios. Sus colores y tramas dialogan con una identidad colectiva que sigue viva. Los detalles en pan de oro, que irradian desde su corona como una fuente solar, aluden a la energ\u00eda divina que conecta lo humano con lo sagrado, resignificando la espiritualidad ind\u00edgena en un lenguaje visual contempor\u00e1neo.<br \/>\nCon \u201cPachamama\u201d, mi intenci\u00f3n es reivindicar la cosmovisi\u00f3n andina como una forma de sabidur\u00eda y resistencia cultural, record\u00e1ndonos la urgencia de reconectarnos con la tierra, no solo como territorio, sino como madre y origen com\u00fan de toda vida.<\/p>\n","protected":false},"excerpt":{"rendered":"<p>Artista: Douglas Rivera<br \/>\nPa\u00eds: Bolivia<br \/>\nT\u00e9cnica: \u00d3leo<br \/>\nSoporte: Lienzo<br \/>\nMedidas: 80 x 100 cm<br \/>\nA\u00f1o: 2025<\/p>\n","protected":false},"featured_media":1388,"template":"","meta":{"pagelayer_contact_templates":[],"_pagelayer_content":""},"product_brand":[163],"product_cat":[79,44],"product_tag":[],"class_list":{"0":"post-1368","1":"product","2":"type-product","3":"status-publish","4":"has-post-thumbnail","6":"product_brand-douglas-rivera","7":"product_cat-oleo","8":"product_cat-pintura","10":"first","11":"instock","12":"featured","13":"sold-individually","14":"shipping-taxable","15":"purchasable","16":"product-type-simple"},"_links":{"self":[{"href":"https:\/\/uyartistas.uy\/uyartshop\/wp-json\/wp\/v2\/product\/1368","targetHints":{"allow":["GET"]}}],"collection":[{"href":"https:\/\/uyartistas.uy\/uyartshop\/wp-json\/wp\/v2\/product"}],"about":[{"href":"https:\/\/uyartistas.uy\/uyartshop\/wp-json\/wp\/v2\/types\/product"}],"wp:featuredmedia":[{"embeddable":true,"href":"https:\/\/uyartistas.uy\/uyartshop\/wp-json\/wp\/v2\/media\/1388"}],"wp:attachment":[{"href":"https:\/\/uyartistas.uy\/uyartshop\/wp-json\/wp\/v2\/media?parent=1368"}],"wp:term":[{"taxonomy":"product_brand","embeddable":true,"href":"https:\/\/uyartistas.uy\/uyartshop\/wp-json\/wp\/v2\/product_brand?post=1368"},{"taxonomy":"product_cat","embeddable":true,"href":"https:\/\/uyartistas.uy\/uyartshop\/wp-json\/wp\/v2\/product_cat?post=1368"},{"taxonomy":"product_tag","embeddable":true,"href":"https:\/\/uyartistas.uy\/uyartshop\/wp-json\/wp\/v2\/product_tag?post=1368"}],"curies":[{"name":"wp","href":"https:\/\/api.w.org\/{rel}","templated":true}]}}