{"id":37266,"date":"2026-03-01T14:10:28","date_gmt":"2026-03-01T14:10:28","guid":{"rendered":"https:\/\/uyartistas.uy\/uyartshop\/product\/revelaciones-en-la-tierra-dorada\/"},"modified":"2026-03-30T22:40:05","modified_gmt":"2026-03-30T22:40:05","slug":"revelaciones-en-la-tierra-dorada","status":"publish","type":"product","link":"https:\/\/uyartistas.uy\/uyartshop\/product\/revelaciones-en-la-tierra-dorada\/","title":{"rendered":"Revelaciones en la Tierra Dorada"},"content":{"rendered":"<p>Alan Bonjour es artista visual, pintor y escultor uruguayo. Su obra se desplaza entre lo psicod\u00e9lico, lo simb\u00f3lico y lo et\u00e9rico. Autodidacta, se ha formado desde temprana edad en el dibujo y recientemente en la New Masters Academy.<br \/>\nEn el plano expositivo cuenta con dos experiencias colectivas: 2025, Centro Cultural Basti\u00f3n del Carmen, y 2024, Centro Cultural de Nueva Helvecia.<\/p>\n<p>Despu\u00e9s de la Tierra Dorada, 2026<br \/>\nacr\u00edlico sobre lienzo, 100 x 70cm.<\/p>\n<p>Despu\u00e9s de la Tierra Dorada surge como una b\u00fasqueda por condensar una experiencia de expansi\u00f3n de la conciencia. La obra transita portales del alma y del cosmos, proponiendo una revelaci\u00f3n que es \u00edntima y, al mismo tiempo, universal.<\/p>\n","protected":false},"excerpt":{"rendered":"<p>Artista: Alan Betarte Bonjour<br \/>\nPa\u00eds: Uruguay<br \/>\nT\u00e9cnica: Acr\u00edlico<br \/>\nSoporte: Lienzo<br \/>\nMedidas: 100 x 70 cm<br \/>\nA\u00f1o: 2025<\/p>\n","protected":false},"featured_media":37385,"template":"","meta":{"pagelayer_contact_templates":[],"_pagelayer_content":""},"product_brand":[140],"product_cat":[81],"product_tag":[],"class_list":{"0":"post-37266","1":"product","2":"type-product","3":"status-publish","4":"has-post-thumbnail","6":"product_brand-alan-betarte-bonjour","7":"product_cat-acrilico","9":"first","10":"instock","11":"sold-individually","12":"shipping-taxable","13":"purchasable","14":"product-type-simple"},"_links":{"self":[{"href":"https:\/\/uyartistas.uy\/uyartshop\/wp-json\/wp\/v2\/product\/37266","targetHints":{"allow":["GET"]}}],"collection":[{"href":"https:\/\/uyartistas.uy\/uyartshop\/wp-json\/wp\/v2\/product"}],"about":[{"href":"https:\/\/uyartistas.uy\/uyartshop\/wp-json\/wp\/v2\/types\/product"}],"wp:featuredmedia":[{"embeddable":true,"href":"https:\/\/uyartistas.uy\/uyartshop\/wp-json\/wp\/v2\/media\/37385"}],"wp:attachment":[{"href":"https:\/\/uyartistas.uy\/uyartshop\/wp-json\/wp\/v2\/media?parent=37266"}],"wp:term":[{"taxonomy":"product_brand","embeddable":true,"href":"https:\/\/uyartistas.uy\/uyartshop\/wp-json\/wp\/v2\/product_brand?post=37266"},{"taxonomy":"product_cat","embeddable":true,"href":"https:\/\/uyartistas.uy\/uyartshop\/wp-json\/wp\/v2\/product_cat?post=37266"},{"taxonomy":"product_tag","embeddable":true,"href":"https:\/\/uyartistas.uy\/uyartshop\/wp-json\/wp\/v2\/product_tag?post=37266"}],"curies":[{"name":"wp","href":"https:\/\/api.w.org\/{rel}","templated":true}]}}