{"id":37267,"date":"2026-03-01T14:10:28","date_gmt":"2026-03-01T14:10:28","guid":{"rendered":"https:\/\/uyartistas.uy\/uyartshop\/product\/despues-de-la-tierra-purpura\/"},"modified":"2026-03-30T21:15:26","modified_gmt":"2026-03-30T21:15:26","slug":"despues-de-la-tierra-purpura","status":"publish","type":"product","link":"https:\/\/uyartistas.uy\/uyartshop\/product\/despues-de-la-tierra-purpura\/","title":{"rendered":"Despu\u00e9s de la Tierra P\u00farpura"},"content":{"rendered":"<p>Alan Bonjour es artista visual, pintor y escultor uruguayo. Su obra se desplaza entre lo psicod\u00e9lico, lo simb\u00f3lico y lo et\u00e9rico. Autodidacta, se ha formado desde temprana edad en el dibujo y recientemente en la New Masters Academy.<\/p>\n<p>En el plano expositivo cuenta con dos experiencias colectivas: 2025, Centro Cultural Basti\u00f3n del Carmen, y 2024, Centro Cultural Nueva Helvecia.<\/p>\n<p>Despu\u00e9s de la Tierra P\u00farpura, 2025<br \/>\nacr\u00edlico sobre lienzo, 50 x 40cm<\/p>\n<p>Despu\u00e9s de la Tierra P\u00farpura es una obra que propone un tr\u00e1nsito hacia la luz. La composici\u00f3n se despliega como un pasillo de pasaje y transformaci\u00f3n, surgido de una experiencia l\u00edmite y profundamente personal.<\/p>\n","protected":false},"excerpt":{"rendered":"<p>Artista: Alan Betarte Bonjour<br \/>\nPais: Uruguay<br \/>\nSoporte: Lienzo<br \/>\nMedidas: 50 X 40 cm<br \/>\nA\u00f1o: 2025<\/p>\n","protected":false},"featured_media":37383,"template":"","meta":{"pagelayer_contact_templates":[],"_pagelayer_content":""},"product_brand":[140],"product_cat":[81],"product_tag":[],"class_list":{"0":"post-37267","1":"product","2":"type-product","3":"status-publish","4":"has-post-thumbnail","6":"product_brand-alan-betarte-bonjour","7":"product_cat-acrilico","9":"first","10":"instock","11":"sold-individually","12":"shipping-taxable","13":"purchasable","14":"product-type-simple"},"_links":{"self":[{"href":"https:\/\/uyartistas.uy\/uyartshop\/wp-json\/wp\/v2\/product\/37267","targetHints":{"allow":["GET"]}}],"collection":[{"href":"https:\/\/uyartistas.uy\/uyartshop\/wp-json\/wp\/v2\/product"}],"about":[{"href":"https:\/\/uyartistas.uy\/uyartshop\/wp-json\/wp\/v2\/types\/product"}],"wp:featuredmedia":[{"embeddable":true,"href":"https:\/\/uyartistas.uy\/uyartshop\/wp-json\/wp\/v2\/media\/37383"}],"wp:attachment":[{"href":"https:\/\/uyartistas.uy\/uyartshop\/wp-json\/wp\/v2\/media?parent=37267"}],"wp:term":[{"taxonomy":"product_brand","embeddable":true,"href":"https:\/\/uyartistas.uy\/uyartshop\/wp-json\/wp\/v2\/product_brand?post=37267"},{"taxonomy":"product_cat","embeddable":true,"href":"https:\/\/uyartistas.uy\/uyartshop\/wp-json\/wp\/v2\/product_cat?post=37267"},{"taxonomy":"product_tag","embeddable":true,"href":"https:\/\/uyartistas.uy\/uyartshop\/wp-json\/wp\/v2\/product_tag?post=37267"}],"curies":[{"name":"wp","href":"https:\/\/api.w.org\/{rel}","templated":true}]}}