{"id":37268,"date":"2026-03-01T14:10:28","date_gmt":"2026-03-01T14:10:28","guid":{"rendered":"https:\/\/uyartistas.uy\/uyartshop\/product\/el-ermitano\/"},"modified":"2026-03-27T11:07:08","modified_gmt":"2026-03-27T11:07:08","slug":"el-ermitano","status":"publish","type":"product","link":"https:\/\/uyartistas.uy\/uyartshop\/product\/el-ermitano\/","title":{"rendered":"El Ermita\u00f1o"},"content":{"rendered":"<p>Alan Bonjour es artista visual, pintor y escultor. Su obra se desplaza entre lo psicod\u00e9lico, lo simb\u00f3lico y lo et\u00e9rico. Autodidacta, se ha formado desde temprana edad en el dibujo y recientemente en la New Masters Academy.<\/p>\n<p>En el plano expositivo cuenta con dos experiencias colectivas: 2025, Centro Cultural Basti\u00f3n del Carmen, y 2024, Centro Cultural Nueva Helvecia.<\/p>\n<p>El Ermita\u00f1o, 2026<br \/>\nacr\u00edlico sobre lienzo, 40cm de di\u00e1metro<\/p>\n<p>Obra en acr\u00edlico sobre lienzo inspirada en la figura del Ermita\u00f1o, carta IX del tarot . La pintura explora el camino interior, el retiro y la b\u00fasqueda como proceso de revelaci\u00f3n.<\/p>\n","protected":false},"excerpt":{"rendered":"<p>Artista: Alan Bonjour<br \/>\nPais: Uruguayo<br \/>\nSoporte: Lienzo<br \/>\nMedidas: 40cm de di\u00e1metro<br \/>\nA\u00f1o: 2026<\/p>\n","protected":false},"featured_media":37384,"template":"","meta":{"pagelayer_contact_templates":[],"_pagelayer_content":""},"product_brand":[140],"product_cat":[81],"product_tag":[],"class_list":{"0":"post-37268","1":"product","2":"type-product","3":"status-publish","4":"has-post-thumbnail","6":"product_brand-alan-betarte-bonjour","7":"product_cat-acrilico","9":"first","10":"instock","11":"sold-individually","12":"shipping-taxable","13":"purchasable","14":"product-type-simple"},"_links":{"self":[{"href":"https:\/\/uyartistas.uy\/uyartshop\/wp-json\/wp\/v2\/product\/37268","targetHints":{"allow":["GET"]}}],"collection":[{"href":"https:\/\/uyartistas.uy\/uyartshop\/wp-json\/wp\/v2\/product"}],"about":[{"href":"https:\/\/uyartistas.uy\/uyartshop\/wp-json\/wp\/v2\/types\/product"}],"wp:featuredmedia":[{"embeddable":true,"href":"https:\/\/uyartistas.uy\/uyartshop\/wp-json\/wp\/v2\/media\/37384"}],"wp:attachment":[{"href":"https:\/\/uyartistas.uy\/uyartshop\/wp-json\/wp\/v2\/media?parent=37268"}],"wp:term":[{"taxonomy":"product_brand","embeddable":true,"href":"https:\/\/uyartistas.uy\/uyartshop\/wp-json\/wp\/v2\/product_brand?post=37268"},{"taxonomy":"product_cat","embeddable":true,"href":"https:\/\/uyartistas.uy\/uyartshop\/wp-json\/wp\/v2\/product_cat?post=37268"},{"taxonomy":"product_tag","embeddable":true,"href":"https:\/\/uyartistas.uy\/uyartshop\/wp-json\/wp\/v2\/product_tag?post=37268"}],"curies":[{"name":"wp","href":"https:\/\/api.w.org\/{rel}","templated":true}]}}