{"id":37270,"date":"2026-03-01T14:10:28","date_gmt":"2026-03-01T14:10:28","guid":{"rendered":"https:\/\/uyartistas.uy\/uyartshop\/product\/tiempo-amable\/"},"modified":"2026-03-30T23:31:16","modified_gmt":"2026-03-30T23:31:16","slug":"tiempo-amable","status":"publish","type":"product","link":"https:\/\/uyartistas.uy\/uyartshop\/product\/tiempo-amable\/","title":{"rendered":"Tiempo amable"},"content":{"rendered":"<p>Mi nombre es Susana Gelbert. Soy artista visual egresada de la Facultad de Bellas Artes. \u00c9sta obra, \u00abTiempo amable\u00bb tiene que ver con cuando el tiempo afloja un poco. Cuando las cosas dejan de ir tan r\u00e1pido y simplemente est\u00e1n.<\/p>\n<p>En mi trayectoria busco crear espacios cercanos y humanos, donde lo simple alcanza y uno puede quedarse. Esta obra nace desde ese lugar y puede traer esa pausa a la vida cotidiana, acompa\u00f1ar un ambiente y recordar, cada d\u00eda, que el tiempo tambi\u00e9n puede ser amable.<\/p>\n","protected":false},"excerpt":{"rendered":"<p>Artista: Susana Gelbert<br \/>\nPa\u00eds: Uruguay<br \/>\nT\u00e9cnica: Acr\u00edlico<br \/>\nSoporte: Lienzo<br \/>\nMedidas: 60 x 80 cm<br \/>\nA\u00f1o: 2025<\/p>\n","protected":false},"featured_media":37397,"template":"","meta":{"pagelayer_contact_templates":[],"_pagelayer_content":""},"product_brand":[141],"product_cat":[81],"product_tag":[],"class_list":{"0":"post-37270","1":"product","2":"type-product","3":"status-publish","4":"has-post-thumbnail","6":"product_brand-susana-gelbert","7":"product_cat-acrilico","9":"first","10":"instock","11":"shipping-taxable","12":"purchasable","13":"product-type-simple"},"_links":{"self":[{"href":"https:\/\/uyartistas.uy\/uyartshop\/wp-json\/wp\/v2\/product\/37270","targetHints":{"allow":["GET"]}}],"collection":[{"href":"https:\/\/uyartistas.uy\/uyartshop\/wp-json\/wp\/v2\/product"}],"about":[{"href":"https:\/\/uyartistas.uy\/uyartshop\/wp-json\/wp\/v2\/types\/product"}],"wp:featuredmedia":[{"embeddable":true,"href":"https:\/\/uyartistas.uy\/uyartshop\/wp-json\/wp\/v2\/media\/37397"}],"wp:attachment":[{"href":"https:\/\/uyartistas.uy\/uyartshop\/wp-json\/wp\/v2\/media?parent=37270"}],"wp:term":[{"taxonomy":"product_brand","embeddable":true,"href":"https:\/\/uyartistas.uy\/uyartshop\/wp-json\/wp\/v2\/product_brand?post=37270"},{"taxonomy":"product_cat","embeddable":true,"href":"https:\/\/uyartistas.uy\/uyartshop\/wp-json\/wp\/v2\/product_cat?post=37270"},{"taxonomy":"product_tag","embeddable":true,"href":"https:\/\/uyartistas.uy\/uyartshop\/wp-json\/wp\/v2\/product_tag?post=37270"}],"curies":[{"name":"wp","href":"https:\/\/api.w.org\/{rel}","templated":true}]}}