{"id":37271,"date":"2026-03-01T14:10:28","date_gmt":"2026-03-01T14:10:28","guid":{"rendered":"https:\/\/uyartistas.uy\/uyartshop\/product\/villa-clara\/"},"modified":"2026-03-30T23:37:09","modified_gmt":"2026-03-30T23:37:09","slug":"villa-clara","status":"publish","type":"product","link":"https:\/\/uyartistas.uy\/uyartshop\/product\/villa-clara\/","title":{"rendered":"Villa Clara"},"content":{"rendered":"<p>Soy Susana Gelbert, artista visual uruguaya.<br \/>\nHe participado en exposiciones dentro y fuera del pa\u00eds y recibido distinciones en distintos salones. Mi trabajo se mueve entre lo cotidiano y lo fant\u00e1stico, y en cada obra busco abrir un peque\u00f1o desplazamiento en la mirada.<br \/>\nMe interesa ese instante en que lo improbable deja de serlo y empieza a funcionar como una nueva realidad.<br \/>\nPintar, para m\u00ed, es proponer otra forma de ver: volver extra\u00f1o lo conocido y posible aquello que parec\u00eda no serlo.<\/p>\n","protected":false},"excerpt":{"rendered":"<p>Artista: Susana Gelbert<br \/>\nPa\u00eds: Uruguay<br \/>\nT\u00e9cnica: Acr\u00edlico<br \/>\nSoporte: Lienzo<br \/>\nMedidas: 55 x 88 cm<br \/>\nA\u00f1o: 2025<\/p>\n","protected":false},"featured_media":37382,"template":"","meta":{"pagelayer_contact_templates":[],"_pagelayer_content":""},"product_brand":[141],"product_cat":[81],"product_tag":[],"class_list":{"0":"post-37271","1":"product","2":"type-product","3":"status-publish","4":"has-post-thumbnail","6":"product_brand-susana-gelbert","7":"product_cat-acrilico","9":"first","10":"instock","11":"shipping-taxable","12":"purchasable","13":"product-type-simple"},"_links":{"self":[{"href":"https:\/\/uyartistas.uy\/uyartshop\/wp-json\/wp\/v2\/product\/37271","targetHints":{"allow":["GET"]}}],"collection":[{"href":"https:\/\/uyartistas.uy\/uyartshop\/wp-json\/wp\/v2\/product"}],"about":[{"href":"https:\/\/uyartistas.uy\/uyartshop\/wp-json\/wp\/v2\/types\/product"}],"wp:featuredmedia":[{"embeddable":true,"href":"https:\/\/uyartistas.uy\/uyartshop\/wp-json\/wp\/v2\/media\/37382"}],"wp:attachment":[{"href":"https:\/\/uyartistas.uy\/uyartshop\/wp-json\/wp\/v2\/media?parent=37271"}],"wp:term":[{"taxonomy":"product_brand","embeddable":true,"href":"https:\/\/uyartistas.uy\/uyartshop\/wp-json\/wp\/v2\/product_brand?post=37271"},{"taxonomy":"product_cat","embeddable":true,"href":"https:\/\/uyartistas.uy\/uyartshop\/wp-json\/wp\/v2\/product_cat?post=37271"},{"taxonomy":"product_tag","embeddable":true,"href":"https:\/\/uyartistas.uy\/uyartshop\/wp-json\/wp\/v2\/product_tag?post=37271"}],"curies":[{"name":"wp","href":"https:\/\/api.w.org\/{rel}","templated":true}]}}