{"id":37585,"date":"2026-02-27T10:45:10","date_gmt":"2026-02-27T10:45:10","guid":{"rendered":"https:\/\/uyartistas.uy\/uyartshop\/product\/atravesar-la-noche\/"},"modified":"2026-03-29T13:56:45","modified_gmt":"2026-03-29T13:56:45","slug":"atravesar-la-noche","status":"publish","type":"product","link":"https:\/\/uyartistas.uy\/uyartshop\/product\/atravesar-la-noche\/","title":{"rendered":"Atravesar la noche"},"content":{"rendered":"","protected":false},"excerpt":{"rendered":"<p>Artista: Guido franco Ferrari<br \/>\nPa\u00eds: Argentina<br \/>\nT\u00e9cnica: \u00d3leo con esp\u00e1tula<br \/>\nSoporte: Lienzo<br \/>\nMedidas: 140 x 80 cm<br \/>\nA\u00f1o: 2025<\/p>\n","protected":false},"featured_media":37578,"template":"","meta":{"pagelayer_contact_templates":[],"_pagelayer_content":""},"product_brand":[164],"product_cat":[79],"product_tag":[],"class_list":{"0":"post-37585","1":"product","2":"type-product","3":"status-publish","4":"has-post-thumbnail","6":"product_brand-guido-franco-ferrari","7":"product_cat-oleo","9":"first","10":"instock","11":"featured","12":"shipping-taxable","13":"purchasable","14":"product-type-simple"},"_links":{"self":[{"href":"https:\/\/uyartistas.uy\/uyartshop\/wp-json\/wp\/v2\/product\/37585","targetHints":{"allow":["GET"]}}],"collection":[{"href":"https:\/\/uyartistas.uy\/uyartshop\/wp-json\/wp\/v2\/product"}],"about":[{"href":"https:\/\/uyartistas.uy\/uyartshop\/wp-json\/wp\/v2\/types\/product"}],"wp:featuredmedia":[{"embeddable":true,"href":"https:\/\/uyartistas.uy\/uyartshop\/wp-json\/wp\/v2\/media\/37578"}],"wp:attachment":[{"href":"https:\/\/uyartistas.uy\/uyartshop\/wp-json\/wp\/v2\/media?parent=37585"}],"wp:term":[{"taxonomy":"product_brand","embeddable":true,"href":"https:\/\/uyartistas.uy\/uyartshop\/wp-json\/wp\/v2\/product_brand?post=37585"},{"taxonomy":"product_cat","embeddable":true,"href":"https:\/\/uyartistas.uy\/uyartshop\/wp-json\/wp\/v2\/product_cat?post=37585"},{"taxonomy":"product_tag","embeddable":true,"href":"https:\/\/uyartistas.uy\/uyartshop\/wp-json\/wp\/v2\/product_tag?post=37585"}],"curies":[{"name":"wp","href":"https:\/\/api.w.org\/{rel}","templated":true}]}}