{"id":37699,"date":"2026-04-20T10:28:38","date_gmt":"2026-04-20T10:28:38","guid":{"rendered":"https:\/\/uyartistas.uy\/uyartshop\/product\/entre-la-quietud-y-el-vuelo\/"},"modified":"2026-04-20T10:34:52","modified_gmt":"2026-04-20T10:34:52","slug":"entre-la-quietud-y-el-vuelo","status":"publish","type":"product","link":"https:\/\/uyartistas.uy\/uyartshop\/product\/entre-la-quietud-y-el-vuelo\/","title":{"rendered":"Entre la quietud y el vuelo"},"content":{"rendered":"<p>En esta pintura abordo la figura humana como un espacio de quietud y tensi\u00f3n silenciosa. El cuerpo aparece reclinado, suspendido dentro de un campo crom\u00e1tico que desdibuja el l\u00edmite entre figura y fondo. A trav\u00e9s de capas de color y contornos suavizados, la obra explora la presencia, la vulnerabilidad y la resonancia sutil del estado interior.<\/p>\n","protected":false},"excerpt":{"rendered":"<p>Artista: Marcela Arocena<br \/>Pa\u00eds: uruguaya<br \/>T\u00e9cnica: Acr\u00edlico<br \/>Soporte: Lienzo<br \/>Medidas: 120 x 150<br \/>A\u00f1o: 2025<\/p>\n","protected":false},"featured_media":37701,"template":"","meta":{"pagelayer_contact_templates":[],"_pagelayer_content":""},"product_brand":[213],"product_cat":[81],"product_tag":[],"class_list":{"0":"post-37699","1":"product","2":"type-product","3":"status-publish","4":"has-post-thumbnail","6":"product_brand-marcela-arocena","7":"product_cat-acrilico","9":"first","10":"instock","11":"sold-individually","12":"shipping-taxable","13":"purchasable","14":"product-type-simple"},"_links":{"self":[{"href":"https:\/\/uyartistas.uy\/uyartshop\/wp-json\/wp\/v2\/product\/37699","targetHints":{"allow":["GET"]}}],"collection":[{"href":"https:\/\/uyartistas.uy\/uyartshop\/wp-json\/wp\/v2\/product"}],"about":[{"href":"https:\/\/uyartistas.uy\/uyartshop\/wp-json\/wp\/v2\/types\/product"}],"wp:featuredmedia":[{"embeddable":true,"href":"https:\/\/uyartistas.uy\/uyartshop\/wp-json\/wp\/v2\/media\/37701"}],"wp:attachment":[{"href":"https:\/\/uyartistas.uy\/uyartshop\/wp-json\/wp\/v2\/media?parent=37699"}],"wp:term":[{"taxonomy":"product_brand","embeddable":true,"href":"https:\/\/uyartistas.uy\/uyartshop\/wp-json\/wp\/v2\/product_brand?post=37699"},{"taxonomy":"product_cat","embeddable":true,"href":"https:\/\/uyartistas.uy\/uyartshop\/wp-json\/wp\/v2\/product_cat?post=37699"},{"taxonomy":"product_tag","embeddable":true,"href":"https:\/\/uyartistas.uy\/uyartshop\/wp-json\/wp\/v2\/product_tag?post=37699"}],"curies":[{"name":"wp","href":"https:\/\/api.w.org\/{rel}","templated":true}]}}